{"id":2592,"date":"2015-10-22T05:45:07","date_gmt":"2015-10-22T05:45:07","guid":{"rendered":"https:\/\/xml-io.proteusthemes.com\/structurepress\/?page_id=36"},"modified":"2022-12-11T23:18:06","modified_gmt":"2022-12-11T23:18:06","slug":"gt_quienes_somos","status":"publish","type":"page","link":"https:\/\/www.galponestalca.cl\/index.php\/gt_quienes_somos\/","title":{"rendered":"Galpones Talca"},"content":{"rendered":"<div id=\"pl-2592\"  class=\"panel-layout\" ><div id=\"pg-2592-0\"  class=\"panel-grid panel-has-style\" ><div class=\"siteorigin-panels-stretch panel-row-style panel-row-style-for-2592-0\" data-stretch-type=\"full\" ><div id=\"pgc-2592-0-0\"  class=\"panel-grid-cell\" ><div id=\"panel-2592-0-0-0\" class=\"so-panel widget widget_sow-editor panel-first-child\" data-index=\"0\" ><div\n\t\t\t\n\t\t\tclass=\"so-widget-sow-editor so-widget-sow-editor-base\"\n\t\t\t\n\t\t>\n<div class=\"siteorigin-widget-tinymce textwidget\">\n\t<h4><a href=\"https:\/\/xml-io.proteusthemes.com\/structurepress\/wp-content\/uploads\/sites\/28\/2015\/11\/64.jpg\"><img decoding=\"async\" loading=\"lazy\" class=\"alignnone wp-image-2755 size-medium\" src=\"http:\/\/galponestalca.cl\/wp-content\/uploads\/2022\/12\/minirack_gt-300x200.jpg\" alt=\"\" width=\"300\" height=\"200\" srcset=\"https:\/\/www.galponestalca.cl\/wp-content\/uploads\/2022\/12\/minirack_gt-300x200.jpg 300w, https:\/\/www.galponestalca.cl\/wp-content\/uploads\/2022\/12\/minirack_gt-1024x682.jpg 1024w, https:\/\/www.galponestalca.cl\/wp-content\/uploads\/2022\/12\/minirack_gt-768x512.jpg 768w, https:\/\/www.galponestalca.cl\/wp-content\/uploads\/2022\/12\/minirack_gt-1536x1023.jpg 1536w, https:\/\/www.galponestalca.cl\/wp-content\/uploads\/2022\/12\/minirack_gt-540x360.jpg 540w, https:\/\/www.galponestalca.cl\/wp-content\/uploads\/2022\/12\/minirack_gt-360x240.jpg 360w, https:\/\/www.galponestalca.cl\/wp-content\/uploads\/2022\/12\/minirack_gt-600x400.jpg 600w, https:\/\/www.galponestalca.cl\/wp-content\/uploads\/2022\/12\/minirack_gt-272x182.jpg 272w, https:\/\/www.galponestalca.cl\/wp-content\/uploads\/2022\/12\/minirack_gt.jpg 1600w\" sizes=\"(max-width: 300px) 100vw, 300px\" \/><br \/>\n<\/a>Calidad<\/h4>\n<p style=\"text-align: left; font-size: 14px;\">Galpones Talca se ha caracterizado a traves de los a\u00f1os por llevar orden y prolijidad en sus trabajos.<\/p>\n<\/div>\n<\/div><\/div><div id=\"panel-2592-0-0-1\" class=\"so-panel widget widget_sow-editor panel-last-child\" data-index=\"1\" ><div\n\t\t\t\n\t\t\tclass=\"so-widget-sow-editor so-widget-sow-editor-base\"\n\t\t\t\n\t\t>\n<div class=\"siteorigin-widget-tinymce textwidget\">\n\t<h4><a href=\"https:\/\/xml-io.proteusthemes.com\/structurepress\/wp-content\/uploads\/sites\/28\/2015\/11\/9.jpg\"><img decoding=\"async\" loading=\"lazy\" class=\"alignnone wp-image-2650 size-medium\" src=\"http:\/\/galponestalca.cl\/wp-content\/uploads\/2022\/11\/IMG-20160630-WA0005-e1669598342207-300x107.jpg\" alt=\"\" width=\"300\" height=\"107\" srcset=\"https:\/\/www.galponestalca.cl\/wp-content\/uploads\/2022\/11\/IMG-20160630-WA0005-e1669598342207-300x107.jpg 300w, https:\/\/www.galponestalca.cl\/wp-content\/uploads\/2022\/11\/IMG-20160630-WA0005-e1669598342207-1024x366.jpg 1024w, https:\/\/www.galponestalca.cl\/wp-content\/uploads\/2022\/11\/IMG-20160630-WA0005-e1669598342207-768x274.jpg 768w, https:\/\/www.galponestalca.cl\/wp-content\/uploads\/2022\/11\/IMG-20160630-WA0005-e1669598342207-540x193.jpg 540w, https:\/\/www.galponestalca.cl\/wp-content\/uploads\/2022\/11\/IMG-20160630-WA0005-e1669598342207-600x214.jpg 600w, https:\/\/www.galponestalca.cl\/wp-content\/uploads\/2022\/11\/IMG-20160630-WA0005-e1669598342207.jpg 1039w\" sizes=\"(max-width: 300px) 100vw, 300px\" \/><br \/>\n<\/a>M\u00e1s de 500 Galpones Construidos<\/h4>\n<p style=\"text-align: left; font-size: 14px;\">Somos una de las pocas empresas, que cuenta con servicios integrales y redes de apoyo.<\/p>\n<\/div>\n<\/div><\/div><\/div><div id=\"pgc-2592-0-1\"  class=\"panel-grid-cell\" ><div id=\"panel-2592-0-1-0\" class=\"so-panel widget widget_sow-editor panel-first-child\" data-index=\"2\" ><div\n\t\t\t\n\t\t\tclass=\"so-widget-sow-editor so-widget-sow-editor-base\"\n\t\t\t\n\t\t>\n<div class=\"siteorigin-widget-tinymce textwidget\">\n\t<h4><a href=\"https:\/\/xml-io.proteusthemes.com\/structurepress\/wp-content\/uploads\/sites\/28\/2015\/11\/22.jpg\"><img decoding=\"async\" loading=\"lazy\" class=\"alignnone wp-image-2776 size-medium\" src=\"http:\/\/galponestalca.cl\/wp-content\/uploads\/2022\/12\/C33B940B-2EF3-4477-BA8C-E9D79514DBC3-300x169.jpg\" alt=\"\" width=\"300\" height=\"169\" srcset=\"https:\/\/www.galponestalca.cl\/wp-content\/uploads\/2022\/12\/C33B940B-2EF3-4477-BA8C-E9D79514DBC3-300x169.jpg 300w, https:\/\/www.galponestalca.cl\/wp-content\/uploads\/2022\/12\/C33B940B-2EF3-4477-BA8C-E9D79514DBC3-1024x576.jpg 1024w, https:\/\/www.galponestalca.cl\/wp-content\/uploads\/2022\/12\/C33B940B-2EF3-4477-BA8C-E9D79514DBC3-768x432.jpg 768w, https:\/\/www.galponestalca.cl\/wp-content\/uploads\/2022\/12\/C33B940B-2EF3-4477-BA8C-E9D79514DBC3-1536x864.jpg 1536w, https:\/\/www.galponestalca.cl\/wp-content\/uploads\/2022\/12\/C33B940B-2EF3-4477-BA8C-E9D79514DBC3-2048x1152.jpg 2048w, https:\/\/www.galponestalca.cl\/wp-content\/uploads\/2022\/12\/C33B940B-2EF3-4477-BA8C-E9D79514DBC3-540x304.jpg 540w, https:\/\/www.galponestalca.cl\/wp-content\/uploads\/2022\/12\/C33B940B-2EF3-4477-BA8C-E9D79514DBC3-360x204.jpg 360w, https:\/\/www.galponestalca.cl\/wp-content\/uploads\/2022\/12\/C33B940B-2EF3-4477-BA8C-E9D79514DBC3-600x338.jpg 600w\" sizes=\"(max-width: 300px) 100vw, 300px\" \/><br \/>\n<\/a>Integridad y Valores<\/h4>\n<p style=\"text-align: left; font-size: 14px;\">Una parte escencial y primordial de nuestros colaboradores, es la buena y sana convivencia.<\/p>\n<\/div>\n<\/div><\/div><div id=\"panel-2592-0-1-1\" class=\"so-panel widget widget_sow-editor panel-last-child\" data-index=\"3\" ><div\n\t\t\t\n\t\t\tclass=\"so-widget-sow-editor so-widget-sow-editor-base\"\n\t\t\t\n\t\t>\n<div class=\"siteorigin-widget-tinymce textwidget\">\n\t<h4><a href=\"https:\/\/xml-io.proteusthemes.com\/structurepress\/wp-content\/uploads\/sites\/28\/2015\/11\/33.jpg\"><img decoding=\"async\" loading=\"lazy\" class=\"alignnone wp-image-2813 size-medium\" src=\"http:\/\/galponestalca.cl\/wp-content\/uploads\/2022\/12\/2015-01-08-15.08.06-300x225.jpg\" alt=\"\" width=\"300\" height=\"225\" srcset=\"https:\/\/www.galponestalca.cl\/wp-content\/uploads\/2022\/12\/2015-01-08-15.08.06-300x225.jpg 300w, https:\/\/www.galponestalca.cl\/wp-content\/uploads\/2022\/12\/2015-01-08-15.08.06-1024x768.jpg 1024w, https:\/\/www.galponestalca.cl\/wp-content\/uploads\/2022\/12\/2015-01-08-15.08.06-768x576.jpg 768w, https:\/\/www.galponestalca.cl\/wp-content\/uploads\/2022\/12\/2015-01-08-15.08.06-1536x1152.jpg 1536w, https:\/\/www.galponestalca.cl\/wp-content\/uploads\/2022\/12\/2015-01-08-15.08.06-2048x1536.jpg 2048w, https:\/\/www.galponestalca.cl\/wp-content\/uploads\/2022\/12\/2015-01-08-15.08.06-540x405.jpg 540w, https:\/\/www.galponestalca.cl\/wp-content\/uploads\/2022\/12\/2015-01-08-15.08.06-600x450.jpg 600w\" sizes=\"(max-width: 300px) 100vw, 300px\" \/><br \/>\n<\/a>Proyecto Galpones Tubest<\/h4>\n<p style=\"text-align: left; font-size: 14px;\">Tenemos la capacidad de tomar peque\u00f1os como grandes proyectos, de la misma forma en que entregamos soluciones de financiamiento r\u00e1pidas y econ\u00f3micamente viables.<\/p>\n<\/div>\n<\/div><\/div><\/div><div id=\"pgc-2592-0-2\"  class=\"panel-grid-cell\" ><div id=\"panel-2592-0-2-0\" class=\"so-panel widget widget_sow-image panel-first-child panel-last-child\" data-index=\"4\" ><div class=\"panel-widget-style panel-widget-style-for-2592-0-2-0\" ><div\n\t\t\t\n\t\t\tclass=\"so-widget-sow-image so-widget-sow-image-default-dbf295114b96-2592\"\n\t\t\t\n\t\t>\n\n<div class=\"sow-image-container\">\n\t\t<img src=\"https:\/\/www.galponestalca.cl\/wp-content\/uploads\/2022\/12\/da5de178-1b85-4c73-948a-69b066e23b50.jpg\" width=\"1024\" height=\"768\" srcset=\"https:\/\/www.galponestalca.cl\/wp-content\/uploads\/2022\/12\/da5de178-1b85-4c73-948a-69b066e23b50.jpg 1024w, https:\/\/www.galponestalca.cl\/wp-content\/uploads\/2022\/12\/da5de178-1b85-4c73-948a-69b066e23b50-300x225.jpg 300w, https:\/\/www.galponestalca.cl\/wp-content\/uploads\/2022\/12\/da5de178-1b85-4c73-948a-69b066e23b50-768x576.jpg 768w, https:\/\/www.galponestalca.cl\/wp-content\/uploads\/2022\/12\/da5de178-1b85-4c73-948a-69b066e23b50-540x405.jpg 540w, https:\/\/www.galponestalca.cl\/wp-content\/uploads\/2022\/12\/da5de178-1b85-4c73-948a-69b066e23b50-600x450.jpg 600w\" sizes=\"(max-width: 1024px) 100vw, 1024px\" alt=\"\" loading=\"lazy\" \t\tclass=\"so-widget-image\"\/>\n\t<\/div>\n\n<\/div><\/div><\/div><\/div><\/div><\/div><div id=\"pg-2592-1\"  class=\"panel-grid panel-no-style\" ><div id=\"pgc-2592-1-0\"  class=\"panel-grid-cell\" ><div id=\"panel-2592-1-0-0\" class=\"so-panel widget widget_pw_person_profile widget-person-profile panel-first-child panel-last-child\" data-index=\"5\" >\n\t<div class=\"card  person-profile\">\n\t\t\t\t<img class=\"person-profile__image  wp-post-image\" src=\"https:\/\/xml-io.proteusthemes.com\/structurepress\/wp-content\/uploads\/sites\/28\/2015\/10\/310.jpg\" alt=\"Picture of Pedro Rivas\">\n\t\t\t\t<div class=\"card-block  person-profile__container\">\n\t\t\t\t\t\t\t<div class=\"person-profile__social-icons\">\n\t\t\t\t\t\t\t\t\t\t\t<a class=\"person-profile__social-icon\" href=\"https:\/\/www.facebook.com\/ProteusThemes\/\" target=\"_blank\"><i class=\"fa  fa-facebook-square\"><\/i><\/a>\n\t\t\t\t\t\t\t\t\t\t\t<a class=\"person-profile__social-icon\" href=\"https:\/\/twitter.com\/ProteusThemes\" target=\"_blank\"><i class=\"fa  fa-twitter-square\"><\/i><\/a>\n\t\t\t\t\t\t\t\t\t\t\t<a class=\"person-profile__social-icon\" href=\"https:\/\/www.youtube.com\/user\/ProteusNetCompany\" target=\"_blank\"><i class=\"fa  fa-youtube-square\"><\/i><\/a>\n\t\t\t\t\t\t\t\t\t\t\t<a class=\"person-profile__social-icon\" href=\"https:\/\/github.com\/ProteusThemes\" target=\"_blank\"><i class=\"fa  fa-github-square\"><\/i><\/a>\n\t\t\t\t\t\t\t\t\t<\/div>\n\t\t\t\t\t\t<div class=\"person-profile__content\">\n\t\t\t\t\t\t\t\t\t<span class=\"person-profile__tag\">CEO<\/span>\n\t\t\t\t\t\t\t\t<h4 class=\"card-title  person-profile__name\">Pedro Rivas<\/h4>\n\t\t\t\t<p class=\"card-text  person-profile__description\">Ingeniero en Construcci\u00f3n Civil, con una experiencia de mas de 25 a\u00f1os en el mercado.<\/p>\n\t\t\t<\/div>\n\t\t<\/div>\n\t<\/div>\n\n<\/div><\/div><div id=\"pgc-2592-1-1\"  class=\"panel-grid-cell panel-grid-cell-empty\" ><\/div><div id=\"pgc-2592-1-2\"  class=\"panel-grid-cell panel-grid-cell-empty panel-grid-cell-mobile-last\" ><\/div><div id=\"pgc-2592-1-3\"  class=\"panel-grid-cell panel-grid-cell-empty\" ><\/div><\/div><div id=\"pg-2592-2\"  class=\"panel-grid panel-no-style\" ><div id=\"pgc-2592-2-0\"  class=\"panel-grid-cell panel-grid-cell-empty\" ><\/div><\/div><\/div>","protected":false},"excerpt":{"rendered":"<p>Calidad Galpones Talca se ha caracterizado a traves de los a\u00f1os por llevar orden y prolijidad en sus trabajos. M\u00e1s de 500 Galpones Construidos Somos una de las pocas empresas, que cuenta con servicios integrales y redes de apoyo. Integridad y Valores Una parte escencial y primordial de nuestros colaboradores, es la buena y sana &hellip;<\/p>\n","protected":false},"author":1,"featured_media":0,"parent":0,"menu_order":0,"comment_status":"closed","ping_status":"closed","template":"","meta":{"_mi_skip_tracking":false},"acf":[],"aioseo_notices":[],"_links":{"self":[{"href":"https:\/\/www.galponestalca.cl\/index.php\/wp-json\/wp\/v2\/pages\/2592"}],"collection":[{"href":"https:\/\/www.galponestalca.cl\/index.php\/wp-json\/wp\/v2\/pages"}],"about":[{"href":"https:\/\/www.galponestalca.cl\/index.php\/wp-json\/wp\/v2\/types\/page"}],"author":[{"embeddable":true,"href":"https:\/\/www.galponestalca.cl\/index.php\/wp-json\/wp\/v2\/users\/1"}],"replies":[{"embeddable":true,"href":"https:\/\/www.galponestalca.cl\/index.php\/wp-json\/wp\/v2\/comments?post=2592"}],"version-history":[{"count":26,"href":"https:\/\/www.galponestalca.cl\/index.php\/wp-json\/wp\/v2\/pages\/2592\/revisions"}],"predecessor-version":[{"id":2817,"href":"https:\/\/www.galponestalca.cl\/index.php\/wp-json\/wp\/v2\/pages\/2592\/revisions\/2817"}],"wp:attachment":[{"href":"https:\/\/www.galponestalca.cl\/index.php\/wp-json\/wp\/v2\/media?parent=2592"}],"curies":[{"name":"wp","href":"https:\/\/api.w.org\/{rel}","templated":true}]}}