{"id":2596,"date":"2015-10-22T05:52:08","date_gmt":"2015-10-22T05:52:08","guid":{"rendered":"https:\/\/xml-io.proteusthemes.com\/structurepress\/?page_id=43"},"modified":"2022-12-11T22:52:49","modified_gmt":"2022-12-11T22:52:49","slug":"servicios_galpones","status":"publish","type":"page","link":"https:\/\/www.galponestalca.cl\/index.php\/servicios_galpones\/","title":{"rendered":"Servicios"},"content":{"rendered":"<div id=\"pl-2596\"  class=\"panel-layout\" ><div id=\"pg-2596-0\"  class=\"panel-grid panel-no-style\" ><div id=\"pgc-2596-0-0\"  class=\"panel-grid-cell\" ><div id=\"panel-2596-0-0-0\" class=\"so-panel widget widget_pw_featured_page widget-featured-page panel-first-child panel-last-child\" data-index=\"0\" >\n\t<div class=\"page-box  page-box--block\">\n\t\t\t\t\t<a class=\"page-box__picture\" href=\"https:\/\/www.galponestalca.cl\/index.php\/servicios_galpones\/buenas_decisiones\/\">\n\t\t\t\t<img src=\"https:\/\/www.galponestalca.cl\/wp-content\/uploads\/2022\/11\/galpones_talca_4-360x240.png\" width=\"360\" height=\"240\" srcset=\"https:\/\/www.galponestalca.cl\/wp-content\/uploads\/2022\/11\/galpones_talca_4-360x240.png 360w, https:\/\/www.galponestalca.cl\/wp-content\/uploads\/2022\/11\/galpones_talca_4.png 3355w\" sizes=\"(min-width: 1200px) 350px, (min-width: 992px) 284px, (min-width: 768px) 692px, calc(100vw - 30px)\" class=\"wp-post-image\" alt=\"Buenas y Malas Decisiones\">\n\t\t\t<\/a>\n\t\t\t\t<div class=\"page-box__content\">\n\t\t\t<h4 class=\"page-box__title\"><a href=\"https:\/\/www.galponestalca.cl\/index.php\/servicios_galpones\/buenas_decisiones\/\">Buenas y Malas Decisiones<\/a><\/h4>\n\t\t\t<p class=\"page-box__text\">Procesos previos antes de montar una estructura, en cualquier punto del pais.\nContamos con un grupo de especialistas, que lo llevaran de la mano, hasta obtener lo que ud. desea.\nComunicaci\u00f3n\nEs la virtud &hellip;<\/p>\n\t\t\t\t\t\t\t<a href=\"https:\/\/www.galponestalca.cl\/index.php\/servicios_galpones\/buenas_decisiones\/\" class=\"page-box__more-link\">Podemos Ayudarte<\/a>\n\t\t\t\t\t<\/div>\n\t<\/div>\n\n<\/div><\/div><div id=\"pgc-2596-0-1\"  class=\"panel-grid-cell\" ><div id=\"panel-2596-0-1-0\" class=\"so-panel widget widget_pw_featured_page widget-featured-page panel-first-child panel-last-child\" data-index=\"1\" >\n\t<div class=\"page-box  page-box--block\">\n\t\t\t\t\t<a class=\"page-box__picture\" href=\"https:\/\/www.galponestalca.cl\/index.php\/servicios_galpones\/hormigones_pavimentos_gt\/\">\n\t\t\t\t<img src=\"https:\/\/www.galponestalca.cl\/wp-content\/uploads\/2022\/12\/C33B940B-2EF3-4477-BA8C-E9D79514DBC3-360x240.jpg\" width=\"360\" height=\"240\" srcset=\"https:\/\/www.galponestalca.cl\/wp-content\/uploads\/2022\/12\/C33B940B-2EF3-4477-BA8C-E9D79514DBC3-360x240.jpg 360w, https:\/\/www.galponestalca.cl\/wp-content\/uploads\/2022\/12\/C33B940B-2EF3-4477-BA8C-E9D79514DBC3-scaled.jpg 2560w\" sizes=\"(min-width: 1200px) 350px, (min-width: 992px) 284px, (min-width: 768px) 692px, calc(100vw - 30px)\" class=\"wp-post-image\" alt=\"Hormigones\">\n\t\t\t<\/a>\n\t\t\t\t<div class=\"page-box__content\">\n\t\t\t<h4 class=\"page-box__title\"><a href=\"https:\/\/www.galponestalca.cl\/index.php\/servicios_galpones\/hormigones_pavimentos_gt\/\">Hormigones<\/a><\/h4>\n\t\t\t<p class=\"page-box__text\">Nuestra empresa se especializa en hormigones de alta resistencia, provenientes de Plantas Certificadas, podemos optar por pavimentos pulidos, escobados, endurecidos y\/o estampados.<\/p>\n\t\t\t\t\t\t\t<a href=\"https:\/\/www.galponestalca.cl\/index.php\/servicios_galpones\/hormigones_pavimentos_gt\/\" class=\"page-box__more-link\">Conoce m\u00e1s<\/a>\n\t\t\t\t\t<\/div>\n\t<\/div>\n\n<\/div><\/div><div id=\"pgc-2596-0-2\"  class=\"panel-grid-cell\" ><div id=\"panel-2596-0-2-0\" class=\"so-panel widget widget_pw_featured_page widget-featured-page panel-first-child panel-last-child\" data-index=\"2\" >\n\t<div class=\"page-box  page-box--block\">\n\t\t\t\t\t<a class=\"page-box__picture\" href=\"https:\/\/www.galponestalca.cl\/index.php\/servicios_galpones\/interior-design\/\">\n\t\t\t\t<img src=\"https:\/\/www.galponestalca.cl\/wp-content\/uploads\/2022\/12\/7db43c6f-f4b7-41e1-ae1a-7e6ae853500b-360x240.jpg\" width=\"360\" height=\"240\" srcset=\"https:\/\/www.galponestalca.cl\/wp-content\/uploads\/2022\/12\/7db43c6f-f4b7-41e1-ae1a-7e6ae853500b-360x240.jpg 360w, https:\/\/www.galponestalca.cl\/wp-content\/uploads\/2022\/12\/7db43c6f-f4b7-41e1-ae1a-7e6ae853500b.jpg 1600w\" sizes=\"(min-width: 1200px) 350px, (min-width: 992px) 284px, (min-width: 768px) 692px, calc(100vw - 30px)\" class=\"wp-post-image\" alt=\"Arriendo de Galpones\">\n\t\t\t<\/a>\n\t\t\t\t<div class=\"page-box__content\">\n\t\t\t<h4 class=\"page-box__title\"><a href=\"https:\/\/www.galponestalca.cl\/index.php\/servicios_galpones\/interior-design\/\">Arriendo de Galpones<\/a><\/h4>\n\t\t\t<p class=\"page-box__text\">A traves de los a\u00f1os, nos hemos dado cuenta, que un modular contenedor, no da abasto en las faneas, es por ello que hemos implementado un galp\u00f3n de 10x18 mts liviano y facil de montar en cualquier obra, &hellip;<\/p>\n\t\t\t\t\t\t\t<a href=\"https:\/\/www.galponestalca.cl\/index.php\/servicios_galpones\/interior-design\/\" class=\"page-box__more-link\">Arriendo para tu Obra<\/a>\n\t\t\t\t\t<\/div>\n\t<\/div>\n\n<\/div><\/div><\/div><div id=\"pg-2596-1\"  class=\"panel-grid panel-no-style\" ><div id=\"pgc-2596-1-0\"  class=\"panel-grid-cell\" ><div id=\"panel-2596-1-0-0\" class=\"so-panel widget widget_pw_featured_page widget-featured-page panel-first-child panel-last-child\" data-index=\"3\" >\n\t<div class=\"page-box  page-box--block\">\n\t\t\t\t\t<a class=\"page-box__picture\" href=\"https:\/\/www.galponestalca.cl\/index.php\/servicios_galpones\/complementos\/\">\n\t\t\t\t<img src=\"https:\/\/www.galponestalca.cl\/wp-content\/uploads\/2022\/12\/ignifugo_gt-360x240.png\" width=\"360\" height=\"240\" srcset=\"https:\/\/www.galponestalca.cl\/wp-content\/uploads\/2022\/12\/ignifugo_gt-360x240.png 360w, https:\/\/www.galponestalca.cl\/wp-content\/uploads\/2022\/12\/ignifugo_gt.png 1064w\" sizes=\"(min-width: 1200px) 350px, (min-width: 992px) 284px, (min-width: 768px) 692px, calc(100vw - 30px)\" class=\"wp-post-image\" alt=\"Complementos de Galpones\">\n\t\t\t<\/a>\n\t\t\t\t<div class=\"page-box__content\">\n\t\t\t<h4 class=\"page-box__title\"><a href=\"https:\/\/www.galponestalca.cl\/index.php\/servicios_galpones\/complementos\/\">Complementos de Galpones<\/a><\/h4>\n\t\t\t<p class=\"page-box__text\">By choosing to build  green, you aremaking an effort to reduce the burden on the environment and also add value to your home. StrusturePress provides you with the guidance and the tools that are necessary &hellip;<\/p>\n\t\t\t\t\t\t\t<a href=\"https:\/\/www.galponestalca.cl\/index.php\/servicios_galpones\/complementos\/\" class=\"page-box__more-link\">Adicionales<\/a>\n\t\t\t\t\t<\/div>\n\t<\/div>\n\n<\/div><\/div><div id=\"pgc-2596-1-1\"  class=\"panel-grid-cell\" ><div id=\"panel-2596-1-1-0\" class=\"so-panel widget widget_pw_featured_page widget-featured-page panel-first-child panel-last-child\" data-index=\"4\" >\n\t<div class=\"page-box  page-box--block\">\n\t\t\t\t\t<a class=\"page-box__picture\" href=\"https:\/\/www.galponestalca.cl\/index.php\/servicios_galpones\/galpones_estandar\/\">\n\t\t\t\t<img src=\"https:\/\/www.galponestalca.cl\/wp-content\/uploads\/2022\/11\/galpones_talca_2-360x240.png\" width=\"360\" height=\"240\" srcset=\"https:\/\/www.galponestalca.cl\/wp-content\/uploads\/2022\/11\/galpones_talca_2-360x240.png 360w, https:\/\/www.galponestalca.cl\/wp-content\/uploads\/2022\/11\/galpones_talca_2.png 3845w\" sizes=\"(min-width: 1200px) 350px, (min-width: 992px) 284px, (min-width: 768px) 692px, calc(100vw - 30px)\" class=\"wp-post-image\" alt=\"Galpones Estandar\">\n\t\t\t<\/a>\n\t\t\t\t<div class=\"page-box__content\">\n\t\t\t<h4 class=\"page-box__title\"><a href=\"https:\/\/www.galponestalca.cl\/index.php\/servicios_galpones\/galpones_estandar\/\">Galpones Estandar<\/a><\/h4>\n\t\t\t<p class=\"page-box__text\">Construcci\u00f3n Estandar\nA traves de los a\u00f1os, hemos detectado que existen tama\u00f1os estandar de estructuras (15x30) - (12x24), siempre activando el largo del galp\u00f3n y manteniendo el calculo de carga de &hellip;<\/p>\n\t\t\t\t\t\t\t<a href=\"https:\/\/www.galponestalca.cl\/index.php\/servicios_galpones\/galpones_estandar\/\" class=\"page-box__more-link\">Galpones Llegar y Llevar<\/a>\n\t\t\t\t\t<\/div>\n\t<\/div>\n\n<\/div><\/div><div id=\"pgc-2596-1-2\"  class=\"panel-grid-cell\" ><div id=\"panel-2596-1-2-0\" class=\"so-panel widget widget_pw_featured_page widget-featured-page panel-first-child panel-last-child\" data-index=\"5\" >\n\t<div class=\"page-box  page-box--block\">\n\t\t\t\t\t<a class=\"page-box__picture\" href=\"https:\/\/www.galponestalca.cl\/index.php\/servicios_galpones\/remodeling\/\">\n\t\t\t\t<img src=\"https:\/\/www.galponestalca.cl\/wp-content\/uploads\/2022\/11\/galpones_talca_8-360x240.png\" width=\"360\" height=\"240\" srcset=\"https:\/\/www.galponestalca.cl\/wp-content\/uploads\/2022\/11\/galpones_talca_8-360x240.png 360w, https:\/\/www.galponestalca.cl\/wp-content\/uploads\/2022\/11\/galpones_talca_8.png 2421w\" sizes=\"(min-width: 1200px) 350px, (min-width: 992px) 284px, (min-width: 768px) 692px, calc(100vw - 30px)\" class=\"wp-post-image\" alt=\"Calidad de Nuestros Productos\">\n\t\t\t<\/a>\n\t\t\t\t<div class=\"page-box__content\">\n\t\t\t<h4 class=\"page-box__title\"><a href=\"https:\/\/www.galponestalca.cl\/index.php\/servicios_galpones\/remodeling\/\">Calidad de Nuestros Productos<\/a><\/h4>\n\t\t\t<p class=\"page-box__text\">En Galpones Talca, nos preocupamos de entregar un producto 100% certificado y en optimas condiciones, para su empleabilidad y duraci\u00f3n a trav\u00e9s del tiempo.\nNuestra trayectoria nos avala, cientos de clientes &hellip;<\/p>\n\t\t\t\t\t\t\t<a href=\"https:\/\/www.galponestalca.cl\/index.php\/servicios_galpones\/remodeling\/\" class=\"page-box__more-link\">Certificaciones<\/a>\n\t\t\t\t\t<\/div>\n\t<\/div>\n\n<\/div><\/div><\/div><\/div>","protected":false},"excerpt":{"rendered":"<p>Buenas y Malas Decisiones Procesos previos antes de montar una estructura, en cualquier punto del pais. Contamos con un grupo de especialistas, que lo llevaran de la mano, hasta obtener lo que ud. desea. Comunicaci\u00f3n Es la virtud &hellip; Podemos Ayudarte Hormigones Nuestra empresa se especializa en hormigones de alta resistencia, provenientes de Plantas Certificadas, &hellip;<\/p>\n","protected":false},"author":1,"featured_media":0,"parent":0,"menu_order":0,"comment_status":"closed","ping_status":"closed","template":"","meta":{"_mi_skip_tracking":false},"acf":[],"aioseo_notices":[],"_links":{"self":[{"href":"https:\/\/www.galponestalca.cl\/index.php\/wp-json\/wp\/v2\/pages\/2596"}],"collection":[{"href":"https:\/\/www.galponestalca.cl\/index.php\/wp-json\/wp\/v2\/pages"}],"about":[{"href":"https:\/\/www.galponestalca.cl\/index.php\/wp-json\/wp\/v2\/types\/page"}],"author":[{"embeddable":true,"href":"https:\/\/www.galponestalca.cl\/index.php\/wp-json\/wp\/v2\/users\/1"}],"replies":[{"embeddable":true,"href":"https:\/\/www.galponestalca.cl\/index.php\/wp-json\/wp\/v2\/comments?post=2596"}],"version-history":[{"count":15,"href":"https:\/\/www.galponestalca.cl\/index.php\/wp-json\/wp\/v2\/pages\/2596\/revisions"}],"predecessor-version":[{"id":2769,"href":"https:\/\/www.galponestalca.cl\/index.php\/wp-json\/wp\/v2\/pages\/2596\/revisions\/2769"}],"wp:attachment":[{"href":"https:\/\/www.galponestalca.cl\/index.php\/wp-json\/wp\/v2\/media?parent=2596"}],"curies":[{"name":"wp","href":"https:\/\/api.w.org\/{rel}","templated":true}]}}