{"id":2628,"date":"2015-11-13T12:54:02","date_gmt":"2015-11-13T12:54:02","guid":{"rendered":"https:\/\/xml-io.proteusthemes.com\/structurepress\/?page_id=473"},"modified":"2023-02-22T00:47:58","modified_gmt":"2023-02-22T00:47:58","slug":"galpones_estandar","status":"publish","type":"page","link":"https:\/\/www.galponestalca.cl\/index.php\/servicios_galpones\/galpones_estandar\/","title":{"rendered":"Galpones Estandar"},"content":{"rendered":"<div id=\"pl-2628\"  class=\"panel-layout\" ><div id=\"pg-2628-0\"  class=\"panel-grid panel-no-style\" ><div id=\"pgc-2628-0-0\"  class=\"panel-grid-cell\" ><div id=\"panel-2628-0-0-0\" class=\"so-panel widget widget_sow-editor panel-first-child\" data-index=\"0\" ><div\n\t\t\t\n\t\t\tclass=\"so-widget-sow-editor so-widget-sow-editor-base\"\n\t\t\t\n\t\t>\n<div class=\"siteorigin-widget-tinymce textwidget\">\n\t<h4>Construcci\u00f3n Estandar<\/h4>\n<p>A traves de los a\u00f1os, hemos detectado que existen tama\u00f1os estandar de estructuras (15x30) - (12x24), siempre activando el largo del galp\u00f3n y manteniendo el calculo de carga de la distancia entre pilares.<\/p>\n<h4>Tubest, Tubular y Perfil<\/h4>\n<p>Existen estructuras de todos los tipos, Galpones Talca, ha realizado estructuras en todos su tipo y tama\u00f1os, con esta experiencia podemos ayudarte en el proceso.<\/p>\n<\/div>\n<\/div><\/div><div id=\"panel-2628-0-0-1\" class=\"so-panel widget widget_pw_accordion widget-accordion panel-last-child\" data-index=\"1\" >\t<div class=\"accordion panel-group\" id=\"accordion-widget-0-0-1\" role=\"tablist\" aria-multiselectable=\"true\">\n\t\t\t<div class=\"accordion__panel  panel  panel-default\">\n\t\t\t<div class=\"accordion__heading  panel-heading\" role=\"tab\" id=\"heading-widget-0-0-1-1\">\n\t\t\t\t<h4 class=\"panel-title\">\n\t\t\t\t\t<a class=\"collapsed\" role=\"button\" data-toggle=\"collapse\" data-parent=\"#accordion-widget-0-0-1\" href=\"#collapse-widget-0-0-1-1\" aria-expanded=\"false\" aria-controls=\"collapse-widget-0-0-1-1\">\n\t\t\t\t\t\tGalpones 15x30 Metros\t\t\t\t\t<\/a>\n\t\t\t\t<\/h4>\n\t\t\t<\/div>\n\t\t\t<div id=\"collapse-widget-0-0-1-1\" class=\"accordion__content  panel-collapse  collapse\" role=\"tabpanel\" aria-labelledby=\"heading-widget-0-0-1-1\">\n\t\t\t\t<div class=\"panel-body\">\n\t\t\t\t\tAltura de 5, 6 y 8 metros de altura, dise\u00f1ado en Tubest, Tubular y Perfil\t\t\t\t<\/div>\n\t\t\t<\/div>\n\t\t<\/div>\n\t\t\t<div class=\"accordion__panel  panel  panel-default\">\n\t\t\t<div class=\"accordion__heading  panel-heading\" role=\"tab\" id=\"heading-widget-0-0-1-2\">\n\t\t\t\t<h4 class=\"panel-title\">\n\t\t\t\t\t<a class=\"collapsed\" role=\"button\" data-toggle=\"collapse\" data-parent=\"#accordion-widget-0-0-1\" href=\"#collapse-widget-0-0-1-2\" aria-expanded=\"false\" aria-controls=\"collapse-widget-0-0-1-2\">\n\t\t\t\t\t\tGalpones 12x24 Metros\t\t\t\t\t<\/a>\n\t\t\t\t<\/h4>\n\t\t\t<\/div>\n\t\t\t<div id=\"collapse-widget-0-0-1-2\" class=\"accordion__content  panel-collapse  collapse\" role=\"tabpanel\" aria-labelledby=\"heading-widget-0-0-1-2\">\n\t\t\t\t<div class=\"panel-body\">\n\t\t\t\t\tAltura de 4 y 5 metros de altura, dise\u00f1ado en Tubular y Perfil\t\t\t\t<\/div>\n\t\t\t<\/div>\n\t\t<\/div>\n\t\t\t<div class=\"accordion__panel  panel  panel-default\">\n\t\t\t<div class=\"accordion__heading  panel-heading\" role=\"tab\" id=\"heading-widget-0-0-1-3\">\n\t\t\t\t<h4 class=\"panel-title\">\n\t\t\t\t\t<a class=\"collapsed\" role=\"button\" data-toggle=\"collapse\" data-parent=\"#accordion-widget-0-0-1\" href=\"#collapse-widget-0-0-1-3\" aria-expanded=\"false\" aria-controls=\"collapse-widget-0-0-1-3\">\n\t\t\t\t\t\tGalp\u00f3n a Medida\t\t\t\t\t<\/a>\n\t\t\t\t<\/h4>\n\t\t\t<\/div>\n\t\t\t<div id=\"collapse-widget-0-0-1-3\" class=\"accordion__content  panel-collapse  collapse\" role=\"tabpanel\" aria-labelledby=\"heading-widget-0-0-1-3\">\n\t\t\t\t<div class=\"panel-body\">\n\t\t\t\t\tCuentanos tu proyecto y te ayudamos +56958857949 contacto@galponestalca.cl\t\t\t\t<\/div>\n\t\t\t<\/div>\n\t\t<\/div>\n\t\t\t<\/div>\n\n<\/div><\/div><div id=\"pgc-2628-0-1\"  class=\"panel-grid-cell\" ><div id=\"panel-2628-0-1-0\" class=\"so-panel widget widget_sow-editor panel-first-child panel-last-child\" data-index=\"2\" ><div\n\t\t\t\n\t\t\tclass=\"so-widget-sow-editor so-widget-sow-editor-base\"\n\t\t\t\n\t\t>\n<div class=\"siteorigin-widget-tinymce textwidget\">\n\t<p><img decoding=\"async\" loading=\"lazy\" class=\"alignnone wp-image-2937 size-medium\" src=\"https:\/\/www.galponestalca.cl\/wp-content\/uploads\/2023\/02\/IMG-20170321-WA0003-300x169.jpg\" alt=\"\" width=\"300\" height=\"169\" srcset=\"https:\/\/www.galponestalca.cl\/wp-content\/uploads\/2023\/02\/IMG-20170321-WA0003-300x169.jpg 300w, https:\/\/www.galponestalca.cl\/wp-content\/uploads\/2023\/02\/IMG-20170321-WA0003-1024x576.jpg 1024w, https:\/\/www.galponestalca.cl\/wp-content\/uploads\/2023\/02\/IMG-20170321-WA0003-768x432.jpg 768w, https:\/\/www.galponestalca.cl\/wp-content\/uploads\/2023\/02\/IMG-20170321-WA0003-540x304.jpg 540w, https:\/\/www.galponestalca.cl\/wp-content\/uploads\/2023\/02\/IMG-20170321-WA0003-360x204.jpg 360w, https:\/\/www.galponestalca.cl\/wp-content\/uploads\/2023\/02\/IMG-20170321-WA0003-600x338.jpg 600w, https:\/\/www.galponestalca.cl\/wp-content\/uploads\/2023\/02\/IMG-20170321-WA0003.jpg 1040w\" sizes=\"(max-width: 300px) 100vw, 300px\" \/><\/p>\n<p><img decoding=\"async\" loading=\"lazy\" class=\"alignnone wp-image-2950 size-medium\" src=\"https:\/\/www.galponestalca.cl\/wp-content\/uploads\/2023\/02\/2015-04-08-16.18.41-300x225.jpg\" alt=\"\" width=\"300\" height=\"225\" srcset=\"https:\/\/www.galponestalca.cl\/wp-content\/uploads\/2023\/02\/2015-04-08-16.18.41-300x225.jpg 300w, https:\/\/www.galponestalca.cl\/wp-content\/uploads\/2023\/02\/2015-04-08-16.18.41-1024x768.jpg 1024w, https:\/\/www.galponestalca.cl\/wp-content\/uploads\/2023\/02\/2015-04-08-16.18.41-768x576.jpg 768w, https:\/\/www.galponestalca.cl\/wp-content\/uploads\/2023\/02\/2015-04-08-16.18.41-1536x1152.jpg 1536w, https:\/\/www.galponestalca.cl\/wp-content\/uploads\/2023\/02\/2015-04-08-16.18.41-2048x1536.jpg 2048w, https:\/\/www.galponestalca.cl\/wp-content\/uploads\/2023\/02\/2015-04-08-16.18.41-540x405.jpg 540w, https:\/\/www.galponestalca.cl\/wp-content\/uploads\/2023\/02\/2015-04-08-16.18.41-600x450.jpg 600w\" sizes=\"(max-width: 300px) 100vw, 300px\" \/><\/p>\n<p><img decoding=\"async\" loading=\"lazy\" class=\"alignnone wp-image-2907 size-medium\" src=\"https:\/\/www.galponestalca.cl\/wp-content\/uploads\/2015\/11\/20171122_120504-300x225.jpg\" alt=\"\" width=\"300\" height=\"225\" srcset=\"https:\/\/www.galponestalca.cl\/wp-content\/uploads\/2015\/11\/20171122_120504-300x225.jpg 300w, https:\/\/www.galponestalca.cl\/wp-content\/uploads\/2015\/11\/20171122_120504-1024x768.jpg 1024w, https:\/\/www.galponestalca.cl\/wp-content\/uploads\/2015\/11\/20171122_120504-768x576.jpg 768w, https:\/\/www.galponestalca.cl\/wp-content\/uploads\/2015\/11\/20171122_120504-1536x1152.jpg 1536w, https:\/\/www.galponestalca.cl\/wp-content\/uploads\/2015\/11\/20171122_120504-2048x1536.jpg 2048w, https:\/\/www.galponestalca.cl\/wp-content\/uploads\/2015\/11\/20171122_120504-540x405.jpg 540w, https:\/\/www.galponestalca.cl\/wp-content\/uploads\/2015\/11\/20171122_120504-600x450.jpg 600w\" sizes=\"(max-width: 300px) 100vw, 300px\" \/><\/p>\n<\/div>\n<\/div><\/div><\/div><\/div><\/div>","protected":false},"excerpt":{"rendered":"<p>Construcci\u00f3n Estandar A traves de los a\u00f1os, hemos detectado que existen tama\u00f1os estandar de estructuras (15&#215;30) &#8211; (12&#215;24), siempre activando el largo del galp\u00f3n y manteniendo el calculo de carga de la distancia entre pilares. Tubest, Tubular y Perfil Existen estructuras de todos los tipos, Galpones Talca, ha realizado estructuras en todos su tipo y &hellip;<\/p>\n","protected":false},"author":1,"featured_media":2669,"parent":2596,"menu_order":0,"comment_status":"closed","ping_status":"closed","template":"","meta":{"_mi_skip_tracking":false},"acf":[],"aioseo_notices":[],"_links":{"self":[{"href":"https:\/\/www.galponestalca.cl\/index.php\/wp-json\/wp\/v2\/pages\/2628"}],"collection":[{"href":"https:\/\/www.galponestalca.cl\/index.php\/wp-json\/wp\/v2\/pages"}],"about":[{"href":"https:\/\/www.galponestalca.cl\/index.php\/wp-json\/wp\/v2\/types\/page"}],"author":[{"embeddable":true,"href":"https:\/\/www.galponestalca.cl\/index.php\/wp-json\/wp\/v2\/users\/1"}],"replies":[{"embeddable":true,"href":"https:\/\/www.galponestalca.cl\/index.php\/wp-json\/wp\/v2\/comments?post=2628"}],"version-history":[{"count":6,"href":"https:\/\/www.galponestalca.cl\/index.php\/wp-json\/wp\/v2\/pages\/2628\/revisions"}],"predecessor-version":[{"id":2952,"href":"https:\/\/www.galponestalca.cl\/index.php\/wp-json\/wp\/v2\/pages\/2628\/revisions\/2952"}],"up":[{"embeddable":true,"href":"https:\/\/www.galponestalca.cl\/index.php\/wp-json\/wp\/v2\/pages\/2596"}],"wp:featuredmedia":[{"embeddable":true,"href":"https:\/\/www.galponestalca.cl\/index.php\/wp-json\/wp\/v2\/media\/2669"}],"wp:attachment":[{"href":"https:\/\/www.galponestalca.cl\/index.php\/wp-json\/wp\/v2\/media?parent=2628"}],"curies":[{"name":"wp","href":"https:\/\/api.w.org\/{rel}","templated":true}]}}