{"id":482,"date":"2015-11-13T13:00:03","date_gmt":"2015-11-13T13:00:03","guid":{"rendered":"https:\/\/xml-io.proteusthemes.com\/structurepress\/?page_id=482"},"modified":"2023-02-21T21:14:29","modified_gmt":"2023-02-21T21:14:29","slug":"buenas_decisiones","status":"publish","type":"page","link":"https:\/\/www.galponestalca.cl\/index.php\/servicios_galpones\/buenas_decisiones\/","title":{"rendered":"Buenas y Malas Decisiones"},"content":{"rendered":"<div id=\"pl-482\"  class=\"panel-layout\" ><div id=\"pg-482-0\"  class=\"panel-grid panel-no-style\" ><div id=\"pgc-482-0-0\"  class=\"panel-grid-cell\" ><div id=\"panel-482-0-0-0\" class=\"so-panel widget widget_sow-editor panel-first-child\" data-index=\"0\" ><div\n\t\t\t\n\t\t\tclass=\"so-widget-sow-editor so-widget-sow-editor-base\"\n\t\t\t\n\t\t>\n<div class=\"siteorigin-widget-tinymce textwidget\">\n\t<h4>Procesos previos antes de montar una estructura, en cualquier punto del pais.<\/h4>\n<p>Contamos con un grupo de especialistas, que lo llevaran de la mano, hasta obtener lo que ud. desea.<\/p>\n<h4>Comunicaci\u00f3n<\/h4>\n<p>Es la virtud del entendimiento, por ello cultivamos siempre una buena comunicaci\u00f3n entre Cliente-Agente.<\/p>\n<\/div>\n<\/div><\/div><div id=\"panel-482-0-0-1\" class=\"so-panel widget widget_pw_accordion widget-accordion panel-last-child\" data-index=\"1\" >\t<div class=\"accordion panel-group\" id=\"accordion-widget-0-0-1\" role=\"tablist\" aria-multiselectable=\"true\">\n\t\t\t<div class=\"accordion__panel  panel  panel-default\">\n\t\t\t<div class=\"accordion__heading  panel-heading\" role=\"tab\" id=\"heading-widget-0-0-1-1\">\n\t\t\t\t<h4 class=\"panel-title\">\n\t\t\t\t\t<a class=\"collapsed\" role=\"button\" data-toggle=\"collapse\" data-parent=\"#accordion-widget-0-0-1\" href=\"#collapse-widget-0-0-1-1\" aria-expanded=\"false\" aria-controls=\"collapse-widget-0-0-1-1\">\n\t\t\t\t\t\tCertificado uso de suelo\t\t\t\t\t<\/a>\n\t\t\t\t<\/h4>\n\t\t\t<\/div>\n\t\t\t<div id=\"collapse-widget-0-0-1-1\" class=\"accordion__content  panel-collapse  collapse\" role=\"tabpanel\" aria-labelledby=\"heading-widget-0-0-1-1\">\n\t\t\t\t<div class=\"panel-body\">\n\t\t\t\t\tEl primer paso para definir la construcci\u00f3n de su inversi\u00f3n, es validar que es posible construir en su terreno\t\t\t\t<\/div>\n\t\t\t<\/div>\n\t\t<\/div>\n\t\t\t<div class=\"accordion__panel  panel  panel-default\">\n\t\t\t<div class=\"accordion__heading  panel-heading\" role=\"tab\" id=\"heading-widget-0-0-1-2\">\n\t\t\t\t<h4 class=\"panel-title\">\n\t\t\t\t\t<a class=\"collapsed\" role=\"button\" data-toggle=\"collapse\" data-parent=\"#accordion-widget-0-0-1\" href=\"#collapse-widget-0-0-1-2\" aria-expanded=\"false\" aria-controls=\"collapse-widget-0-0-1-2\">\n\t\t\t\t\t\tDimensionar el terreno\t\t\t\t\t<\/a>\n\t\t\t\t<\/h4>\n\t\t\t<\/div>\n\t\t\t<div id=\"collapse-widget-0-0-1-2\" class=\"accordion__content  panel-collapse  collapse\" role=\"tabpanel\" aria-labelledby=\"heading-widget-0-0-1-2\">\n\t\t\t\t<div class=\"panel-body\">\n\t\t\t\t\tRealizar un levantamiento topogr\u00e1fico, siempre es esencial, para no cometer el error de dejar el galp\u00f3n en un bajo de agua u alguna otra obstrucci\u00f3n en el futuro\t\t\t\t<\/div>\n\t\t\t<\/div>\n\t\t<\/div>\n\t\t\t<div class=\"accordion__panel  panel  panel-default\">\n\t\t\t<div class=\"accordion__heading  panel-heading\" role=\"tab\" id=\"heading-widget-0-0-1-3\">\n\t\t\t\t<h4 class=\"panel-title\">\n\t\t\t\t\t<a class=\"collapsed\" role=\"button\" data-toggle=\"collapse\" data-parent=\"#accordion-widget-0-0-1\" href=\"#collapse-widget-0-0-1-3\" aria-expanded=\"false\" aria-controls=\"collapse-widget-0-0-1-3\">\n\t\t\t\t\t\tMateriales adecuados\t\t\t\t\t<\/a>\n\t\t\t\t<\/h4>\n\t\t\t<\/div>\n\t\t\t<div id=\"collapse-widget-0-0-1-3\" class=\"accordion__content  panel-collapse  collapse\" role=\"tabpanel\" aria-labelledby=\"heading-widget-0-0-1-3\">\n\t\t\t\t<div class=\"panel-body\">\n\t\t\t\t\tLa correcta desici\u00f3n de utilizar alg\u00fan elemento de construcci\u00f3n, solucionara puntos como gastos energ\u00e9ticos u alguna baja en su presupuesto.\t\t\t\t<\/div>\n\t\t\t<\/div>\n\t\t<\/div>\n\t\t\t<\/div>\n\n<\/div><\/div><div id=\"pgc-482-0-1\"  class=\"panel-grid-cell\" ><div id=\"panel-482-0-1-0\" class=\"so-panel widget widget_sow-editor panel-first-child panel-last-child\" data-index=\"2\" ><div class=\"panel-widget-style panel-widget-style-for-482-0-1-0\" ><div\n\t\t\t\n\t\t\tclass=\"so-widget-sow-editor so-widget-sow-editor-base\"\n\t\t\t\n\t\t>\n<div class=\"siteorigin-widget-tinymce textwidget\">\n\t<p><img decoding=\"async\" loading=\"lazy\" class=\"alignnone wp-image-2926 size-medium\" src=\"https:\/\/www.galponestalca.cl\/wp-content\/uploads\/2023\/02\/2015-05-07-16.59.39-300x225.jpg\" alt=\"\" width=\"300\" height=\"225\" srcset=\"https:\/\/www.galponestalca.cl\/wp-content\/uploads\/2023\/02\/2015-05-07-16.59.39-300x225.jpg 300w, https:\/\/www.galponestalca.cl\/wp-content\/uploads\/2023\/02\/2015-05-07-16.59.39-1024x768.jpg 1024w, https:\/\/www.galponestalca.cl\/wp-content\/uploads\/2023\/02\/2015-05-07-16.59.39-768x576.jpg 768w, https:\/\/www.galponestalca.cl\/wp-content\/uploads\/2023\/02\/2015-05-07-16.59.39-1536x1152.jpg 1536w, https:\/\/www.galponestalca.cl\/wp-content\/uploads\/2023\/02\/2015-05-07-16.59.39-2048x1536.jpg 2048w, https:\/\/www.galponestalca.cl\/wp-content\/uploads\/2023\/02\/2015-05-07-16.59.39-540x405.jpg 540w, https:\/\/www.galponestalca.cl\/wp-content\/uploads\/2023\/02\/2015-05-07-16.59.39-600x450.jpg 600w\" sizes=\"(max-width: 300px) 100vw, 300px\" \/><\/p>\n<p><img decoding=\"async\" loading=\"lazy\" class=\"alignnone wp-image-2927 size-medium\" src=\"https:\/\/www.galponestalca.cl\/wp-content\/uploads\/2023\/02\/2015-05-07-17.00.14-300x225.jpg\" alt=\"\" width=\"300\" height=\"225\" srcset=\"https:\/\/www.galponestalca.cl\/wp-content\/uploads\/2023\/02\/2015-05-07-17.00.14-300x225.jpg 300w, https:\/\/www.galponestalca.cl\/wp-content\/uploads\/2023\/02\/2015-05-07-17.00.14-1024x768.jpg 1024w, https:\/\/www.galponestalca.cl\/wp-content\/uploads\/2023\/02\/2015-05-07-17.00.14-768x576.jpg 768w, https:\/\/www.galponestalca.cl\/wp-content\/uploads\/2023\/02\/2015-05-07-17.00.14-1536x1152.jpg 1536w, https:\/\/www.galponestalca.cl\/wp-content\/uploads\/2023\/02\/2015-05-07-17.00.14-2048x1536.jpg 2048w, https:\/\/www.galponestalca.cl\/wp-content\/uploads\/2023\/02\/2015-05-07-17.00.14-540x405.jpg 540w, https:\/\/www.galponestalca.cl\/wp-content\/uploads\/2023\/02\/2015-05-07-17.00.14-600x450.jpg 600w\" sizes=\"(max-width: 300px) 100vw, 300px\" \/><\/p>\n<p><img decoding=\"async\" loading=\"lazy\" class=\"alignnone wp-image-2928 size-medium\" src=\"https:\/\/www.galponestalca.cl\/wp-content\/uploads\/2023\/02\/2015-05-07-17.03.00-300x225.jpg\" alt=\"\" width=\"300\" height=\"225\" srcset=\"https:\/\/www.galponestalca.cl\/wp-content\/uploads\/2023\/02\/2015-05-07-17.03.00-300x225.jpg 300w, https:\/\/www.galponestalca.cl\/wp-content\/uploads\/2023\/02\/2015-05-07-17.03.00-1024x768.jpg 1024w, https:\/\/www.galponestalca.cl\/wp-content\/uploads\/2023\/02\/2015-05-07-17.03.00-768x576.jpg 768w, https:\/\/www.galponestalca.cl\/wp-content\/uploads\/2023\/02\/2015-05-07-17.03.00-1536x1152.jpg 1536w, https:\/\/www.galponestalca.cl\/wp-content\/uploads\/2023\/02\/2015-05-07-17.03.00-2048x1536.jpg 2048w, https:\/\/www.galponestalca.cl\/wp-content\/uploads\/2023\/02\/2015-05-07-17.03.00-540x405.jpg 540w, https:\/\/www.galponestalca.cl\/wp-content\/uploads\/2023\/02\/2015-05-07-17.03.00-600x450.jpg 600w\" sizes=\"(max-width: 300px) 100vw, 300px\" \/><\/p>\n<\/div>\n<\/div><\/div><\/div><\/div><\/div><\/div>","protected":false},"excerpt":{"rendered":"<p>Procesos previos antes de montar una estructura, en cualquier punto del pais. Contamos con un grupo de especialistas, que lo llevaran de la mano, hasta obtener lo que ud. desea. Comunicaci\u00f3n Es la virtud del entendimiento, por ello cultivamos siempre una buena comunicaci\u00f3n entre Cliente-Agente.<\/p>\n","protected":false},"author":1,"featured_media":2667,"parent":2596,"menu_order":0,"comment_status":"closed","ping_status":"closed","template":"","meta":{"_mi_skip_tracking":false},"acf":[],"aioseo_notices":[],"_links":{"self":[{"href":"https:\/\/www.galponestalca.cl\/index.php\/wp-json\/wp\/v2\/pages\/482"}],"collection":[{"href":"https:\/\/www.galponestalca.cl\/index.php\/wp-json\/wp\/v2\/pages"}],"about":[{"href":"https:\/\/www.galponestalca.cl\/index.php\/wp-json\/wp\/v2\/types\/page"}],"author":[{"embeddable":true,"href":"https:\/\/www.galponestalca.cl\/index.php\/wp-json\/wp\/v2\/users\/1"}],"replies":[{"embeddable":true,"href":"https:\/\/www.galponestalca.cl\/index.php\/wp-json\/wp\/v2\/comments?post=482"}],"version-history":[{"count":8,"href":"https:\/\/www.galponestalca.cl\/index.php\/wp-json\/wp\/v2\/pages\/482\/revisions"}],"predecessor-version":[{"id":2935,"href":"https:\/\/www.galponestalca.cl\/index.php\/wp-json\/wp\/v2\/pages\/482\/revisions\/2935"}],"up":[{"embeddable":true,"href":"https:\/\/www.galponestalca.cl\/index.php\/wp-json\/wp\/v2\/pages\/2596"}],"wp:featuredmedia":[{"embeddable":true,"href":"https:\/\/www.galponestalca.cl\/index.php\/wp-json\/wp\/v2\/media\/2667"}],"wp:attachment":[{"href":"https:\/\/www.galponestalca.cl\/index.php\/wp-json\/wp\/v2\/media?parent=482"}],"curies":[{"name":"wp","href":"https:\/\/api.w.org\/{rel}","templated":true}]}}