{"id":484,"date":"2015-11-13T13:01:20","date_gmt":"2015-11-13T13:01:20","guid":{"rendered":"https:\/\/xml-io.proteusthemes.com\/structurepress\/?page_id=484"},"modified":"2022-11-28T02:52:59","modified_gmt":"2022-11-28T02:52:59","slug":"remodeling","status":"publish","type":"page","link":"https:\/\/www.galponestalca.cl\/index.php\/servicios_galpones\/remodeling\/","title":{"rendered":"Calidad de Nuestros Productos"},"content":{"rendered":"<div id=\"pl-484\"  class=\"panel-layout\" ><div id=\"pg-484-0\"  class=\"panel-grid panel-no-style\" ><div id=\"pgc-484-0-0\"  class=\"panel-grid-cell\" ><div id=\"panel-484-0-0-0\" class=\"so-panel widget widget_sow-editor panel-first-child panel-last-child\" data-index=\"0\" ><div\n\t\t\t\n\t\t\tclass=\"so-widget-sow-editor so-widget-sow-editor-base\"\n\t\t\t\n\t\t>\n<div class=\"siteorigin-widget-tinymce textwidget\">\n\t<p>En Galpones Talca, nos preocupamos de entregar un producto 100% certificado y en optimas condiciones, para su empleabilidad y duraci\u00f3n a trav\u00e9s del tiempo.<\/p>\n<p>Nuestra trayectoria nos avala, cientos de clientes cuentan con nuestra garant\u00eda y seriedad en sus proyectos.<\/p>\n<\/div>\n<\/div><\/div><\/div><div id=\"pgc-484-0-1\"  class=\"panel-grid-cell\" ><div id=\"panel-484-0-1-0\" class=\"so-panel widget widget_sow-editor panel-first-child panel-last-child\" data-index=\"1\" ><div\n\t\t\t\n\t\t\tclass=\"so-widget-sow-editor so-widget-sow-editor-base\"\n\t\t\t\n\t\t>\n<div class=\"siteorigin-widget-tinymce textwidget\">\n\t<p><img decoding=\"async\" loading=\"lazy\" class=\"alignnone wp-image-26 size-medium\" src=\"http:\/\/galponestalca.cl\/wp-content\/uploads\/2022\/11\/IMG-20160905-WA0016-300x169.jpg\" alt=\"\" width=\"300\" height=\"169\" srcset=\"https:\/\/www.galponestalca.cl\/wp-content\/uploads\/2022\/11\/IMG-20160905-WA0016-300x169.jpg 300w, https:\/\/www.galponestalca.cl\/wp-content\/uploads\/2022\/11\/IMG-20160905-WA0016-600x338.jpg 600w, https:\/\/www.galponestalca.cl\/wp-content\/uploads\/2022\/11\/IMG-20160905-WA0016-1024x576.jpg 1024w, https:\/\/www.galponestalca.cl\/wp-content\/uploads\/2022\/11\/IMG-20160905-WA0016-768x432.jpg 768w, https:\/\/www.galponestalca.cl\/wp-content\/uploads\/2022\/11\/IMG-20160905-WA0016.jpg 1040w\" sizes=\"(max-width: 300px) 100vw, 300px\" \/><img decoding=\"async\" loading=\"lazy\" class=\"alignnone wp-image-2661 size-medium\" src=\"http:\/\/galponestalca.cl\/wp-content\/uploads\/2022\/11\/galpones_talca_10-300x86.png\" alt=\"\" width=\"300\" height=\"86\" srcset=\"https:\/\/www.galponestalca.cl\/wp-content\/uploads\/2022\/11\/galpones_talca_10-300x86.png 300w, https:\/\/www.galponestalca.cl\/wp-content\/uploads\/2022\/11\/galpones_talca_10-1024x293.png 1024w, https:\/\/www.galponestalca.cl\/wp-content\/uploads\/2022\/11\/galpones_talca_10-768x220.png 768w, https:\/\/www.galponestalca.cl\/wp-content\/uploads\/2022\/11\/galpones_talca_10-1536x439.png 1536w, https:\/\/www.galponestalca.cl\/wp-content\/uploads\/2022\/11\/galpones_talca_10-2048x585.png 2048w, https:\/\/www.galponestalca.cl\/wp-content\/uploads\/2022\/11\/galpones_talca_10-540x154.png 540w, https:\/\/www.galponestalca.cl\/wp-content\/uploads\/2022\/11\/galpones_talca_10-600x171.png 600w\" sizes=\"(max-width: 300px) 100vw, 300px\" \/><\/p>\n<\/div>\n<\/div><\/div><\/div><\/div><\/div>","protected":false},"excerpt":{"rendered":"<p>En Galpones Talca, nos preocupamos de entregar un producto 100% certificado y en optimas condiciones, para su empleabilidad y duraci\u00f3n a trav\u00e9s del tiempo. Nuestra trayectoria nos avala, cientos de clientes cuentan con nuestra garant\u00eda y seriedad en sus proyectos.<\/p>\n","protected":false},"author":1,"featured_media":2663,"parent":2596,"menu_order":0,"comment_status":"closed","ping_status":"closed","template":"","meta":{"_mi_skip_tracking":false},"acf":[],"aioseo_notices":[],"_links":{"self":[{"href":"https:\/\/www.galponestalca.cl\/index.php\/wp-json\/wp\/v2\/pages\/484"}],"collection":[{"href":"https:\/\/www.galponestalca.cl\/index.php\/wp-json\/wp\/v2\/pages"}],"about":[{"href":"https:\/\/www.galponestalca.cl\/index.php\/wp-json\/wp\/v2\/types\/page"}],"author":[{"embeddable":true,"href":"https:\/\/www.galponestalca.cl\/index.php\/wp-json\/wp\/v2\/users\/1"}],"replies":[{"embeddable":true,"href":"https:\/\/www.galponestalca.cl\/index.php\/wp-json\/wp\/v2\/comments?post=484"}],"version-history":[{"count":6,"href":"https:\/\/www.galponestalca.cl\/index.php\/wp-json\/wp\/v2\/pages\/484\/revisions"}],"predecessor-version":[{"id":2694,"href":"https:\/\/www.galponestalca.cl\/index.php\/wp-json\/wp\/v2\/pages\/484\/revisions\/2694"}],"up":[{"embeddable":true,"href":"https:\/\/www.galponestalca.cl\/index.php\/wp-json\/wp\/v2\/pages\/2596"}],"wp:featuredmedia":[{"embeddable":true,"href":"https:\/\/www.galponestalca.cl\/index.php\/wp-json\/wp\/v2\/media\/2663"}],"wp:attachment":[{"href":"https:\/\/www.galponestalca.cl\/index.php\/wp-json\/wp\/v2\/media?parent=484"}],"curies":[{"name":"wp","href":"https:\/\/api.w.org\/{rel}","templated":true}]}}